{"id":4292,"date":"2026-02-10T13:37:19","date_gmt":"2026-02-10T12:37:19","guid":{"rendered":"https:\/\/www.bachmann-museum.de\/?page_id=4292"},"modified":"2026-03-12T09:56:11","modified_gmt":"2026-03-12T08:56:11","slug":"geburtstag-im-museum-2","status":"publish","type":"page","link":"https:\/\/www.bachmann-museum.de\/?page_id=4292","title":{"rendered":"Geburtstag im Museum"},"content":{"rendered":"\n<h3 class=\"wp-block-heading\">Zurzeit k\u00f6nnen keine Geburtstage im Museum stattfinden.<\/h3>\n\n\n\n<h4 class=\"wp-block-heading\"><br>Wegen der anstehenden Sanierung des Museumsgeb\u00e4udes haben wir inzwischen die Ausstellung und die museumsp\u00e4dagogischen R\u00e4ume ausger\u00e4umt. Daher k\u00f6nnen wir in den kommenden Jahren leider keine Programme f\u00fcr Schulklassen oder andere Gruppen durchf\u00fchren. Bei Fragen, Anregungen oder Tipps stehen wir nat\u00fcrlich weiterhin gerne zur Verf\u00fcgung.<\/h4>\n\n\n\n<h4 class=\"wp-block-heading\">Bachmann-Museum Bremerv\u00f6rde<br>Telefon: <a href=\"tel:047619834603\" type=\"tel\" id=\"tel:047619834603\">04761-983 4603<\/a> | Mail: museum(at)lk-row.de<\/h4>\n","protected":false},"excerpt":{"rendered":"<p>Zurzeit k\u00f6nnen keine Geburtstage im Museum stattfinden. Wegen der anstehenden Sanierung des Museumsgeb\u00e4udes haben wir inzwischen die Ausstellung und die museumsp\u00e4dagogischen R\u00e4ume ausger\u00e4umt. Daher k\u00f6nnen wir in den kommenden Jahren leider keine Programme f\u00fcr Schulklassen oder andere Gruppen durchf\u00fchren. Bei Fragen, Anregungen oder Tipps stehen wir nat\u00fcrlich weiterhin gerne zur Verf\u00fcgung. Bachmann-Museum Bremerv\u00f6rdeTelefon: 04761-983 4603 [&hellip;]<\/p>\n","protected":false},"author":1,"featured_media":0,"parent":400,"menu_order":4,"comment_status":"closed","ping_status":"closed","template":"","meta":{"footnotes":""},"class_list":["post-4292","page","type-page","status-publish","hentry"],"yoast_head":"<!-- This site is optimized with the Yoast SEO plugin v27.6 - https:\/\/yoast.com\/product\/yoast-seo-wordpress\/ -->\n<title>Geburtstag im Museum - Bachmann-Museum Bremerv\u00f6rde<\/title>\n<meta name=\"robots\" content=\"index, follow, max-snippet:-1, max-image-preview:large, max-video-preview:-1\" \/>\n<link rel=\"canonical\" href=\"https:\/\/www.bachmann-museum.de\/?page_id=4292\" \/>\n<meta property=\"og:locale\" content=\"de_DE\" \/>\n<meta property=\"og:type\" content=\"article\" \/>\n<meta property=\"og:title\" content=\"Geburtstag im Museum - Bachmann-Museum Bremerv\u00f6rde\" \/>\n<meta property=\"og:description\" content=\"Zurzeit k\u00f6nnen keine Geburtstage im Museum stattfinden. Wegen der anstehenden Sanierung des Museumsgeb\u00e4udes haben wir inzwischen die Ausstellung und die museumsp\u00e4dagogischen R\u00e4ume ausger\u00e4umt. Daher k\u00f6nnen wir in den kommenden Jahren leider keine Programme f\u00fcr Schulklassen oder andere Gruppen durchf\u00fchren. Bei Fragen, Anregungen oder Tipps stehen wir nat\u00fcrlich weiterhin gerne zur Verf\u00fcgung. Bachmann-Museum Bremerv\u00f6rdeTelefon: 04761-983 4603 [&hellip;]\" \/>\n<meta property=\"og:url\" content=\"https:\/\/www.bachmann-museum.de\/?page_id=4292\" \/>\n<meta property=\"og:site_name\" content=\"Bachmann-Museum Bremerv\u00f6rde\" \/>\n<meta property=\"article:modified_time\" content=\"2026-03-12T08:56:11+00:00\" \/>\n<meta name=\"twitter:card\" content=\"summary_large_image\" \/>\n<meta name=\"twitter:label1\" content=\"Gesch\u00e4tzte Lesezeit\" \/>\n\t<meta name=\"twitter:data1\" content=\"1\u00a0Minute\" \/>\n<script type=\"application\/ld+json\" class=\"yoast-schema-graph\">{\"@context\":\"https:\\\/\\\/schema.org\",\"@graph\":[{\"@type\":\"WebPage\",\"@id\":\"https:\\\/\\\/www.bachmann-museum.de\\\/?page_id=4292\",\"url\":\"https:\\\/\\\/www.bachmann-museum.de\\\/?page_id=4292\",\"name\":\"Geburtstag im Museum - Bachmann-Museum Bremerv\u00f6rde\",\"isPartOf\":{\"@id\":\"https:\\\/\\\/www.bachmann-museum.de\\\/#website\"},\"datePublished\":\"2026-02-10T12:37:19+00:00\",\"dateModified\":\"2026-03-12T08:56:11+00:00\",\"breadcrumb\":{\"@id\":\"https:\\\/\\\/www.bachmann-museum.de\\\/?page_id=4292#breadcrumb\"},\"inLanguage\":\"de\",\"potentialAction\":[{\"@type\":\"ReadAction\",\"target\":[\"https:\\\/\\\/www.bachmann-museum.de\\\/?page_id=4292\"]}]},{\"@type\":\"BreadcrumbList\",\"@id\":\"https:\\\/\\\/www.bachmann-museum.de\\\/?page_id=4292#breadcrumb\",\"itemListElement\":[{\"@type\":\"ListItem\",\"position\":1,\"name\":\"Start\",\"item\":\"https:\\\/\\\/www.bachmann-museum.de\\\/\"},{\"@type\":\"ListItem\",\"position\":2,\"name\":\"Angebote\",\"item\":\"https:\\\/\\\/www.bachmann-museum.de\\\/?page_id=400\"},{\"@type\":\"ListItem\",\"position\":3,\"name\":\"Geburtstag im Museum\"}]},{\"@type\":\"WebSite\",\"@id\":\"https:\\\/\\\/www.bachmann-museum.de\\\/#website\",\"url\":\"https:\\\/\\\/www.bachmann-museum.de\\\/\",\"name\":\"Bachmann-Museum Bremerv\u00f6rde\",\"description\":\"\",\"potentialAction\":[{\"@type\":\"SearchAction\",\"target\":{\"@type\":\"EntryPoint\",\"urlTemplate\":\"https:\\\/\\\/www.bachmann-museum.de\\\/?s={search_term_string}\"},\"query-input\":{\"@type\":\"PropertyValueSpecification\",\"valueRequired\":true,\"valueName\":\"search_term_string\"}}],\"inLanguage\":\"de\"}]}<\/script>\n<!-- \/ Yoast SEO plugin. -->","yoast_head_json":{"title":"Geburtstag im Museum - Bachmann-Museum Bremerv\u00f6rde","robots":{"index":"index","follow":"follow","max-snippet":"max-snippet:-1","max-image-preview":"max-image-preview:large","max-video-preview":"max-video-preview:-1"},"canonical":"https:\/\/www.bachmann-museum.de\/?page_id=4292","og_locale":"de_DE","og_type":"article","og_title":"Geburtstag im Museum - Bachmann-Museum Bremerv\u00f6rde","og_description":"Zurzeit k\u00f6nnen keine Geburtstage im Museum stattfinden. Wegen der anstehenden Sanierung des Museumsgeb\u00e4udes haben wir inzwischen die Ausstellung und die museumsp\u00e4dagogischen R\u00e4ume ausger\u00e4umt. Daher k\u00f6nnen wir in den kommenden Jahren leider keine Programme f\u00fcr Schulklassen oder andere Gruppen durchf\u00fchren. Bei Fragen, Anregungen oder Tipps stehen wir nat\u00fcrlich weiterhin gerne zur Verf\u00fcgung. Bachmann-Museum Bremerv\u00f6rdeTelefon: 04761-983 4603 [&hellip;]","og_url":"https:\/\/www.bachmann-museum.de\/?page_id=4292","og_site_name":"Bachmann-Museum Bremerv\u00f6rde","article_modified_time":"2026-03-12T08:56:11+00:00","twitter_card":"summary_large_image","twitter_misc":{"Gesch\u00e4tzte Lesezeit":"1\u00a0Minute"},"schema":{"@context":"https:\/\/schema.org","@graph":[{"@type":"WebPage","@id":"https:\/\/www.bachmann-museum.de\/?page_id=4292","url":"https:\/\/www.bachmann-museum.de\/?page_id=4292","name":"Geburtstag im Museum - Bachmann-Museum Bremerv\u00f6rde","isPartOf":{"@id":"https:\/\/www.bachmann-museum.de\/#website"},"datePublished":"2026-02-10T12:37:19+00:00","dateModified":"2026-03-12T08:56:11+00:00","breadcrumb":{"@id":"https:\/\/www.bachmann-museum.de\/?page_id=4292#breadcrumb"},"inLanguage":"de","potentialAction":[{"@type":"ReadAction","target":["https:\/\/www.bachmann-museum.de\/?page_id=4292"]}]},{"@type":"BreadcrumbList","@id":"https:\/\/www.bachmann-museum.de\/?page_id=4292#breadcrumb","itemListElement":[{"@type":"ListItem","position":1,"name":"Start","item":"https:\/\/www.bachmann-museum.de\/"},{"@type":"ListItem","position":2,"name":"Angebote","item":"https:\/\/www.bachmann-museum.de\/?page_id=400"},{"@type":"ListItem","position":3,"name":"Geburtstag im Museum"}]},{"@type":"WebSite","@id":"https:\/\/www.bachmann-museum.de\/#website","url":"https:\/\/www.bachmann-museum.de\/","name":"Bachmann-Museum Bremerv\u00f6rde","description":"","potentialAction":[{"@type":"SearchAction","target":{"@type":"EntryPoint","urlTemplate":"https:\/\/www.bachmann-museum.de\/?s={search_term_string}"},"query-input":{"@type":"PropertyValueSpecification","valueRequired":true,"valueName":"search_term_string"}}],"inLanguage":"de"}]}},"jetpack_sharing_enabled":true,"jetpack_shortlink":"https:\/\/wp.me\/P5DgYi-17e","jetpack-related-posts":[],"_links":{"self":[{"href":"https:\/\/www.bachmann-museum.de\/index.php?rest_route=\/wp\/v2\/pages\/4292","targetHints":{"allow":["GET"]}}],"collection":[{"href":"https:\/\/www.bachmann-museum.de\/index.php?rest_route=\/wp\/v2\/pages"}],"about":[{"href":"https:\/\/www.bachmann-museum.de\/index.php?rest_route=\/wp\/v2\/types\/page"}],"author":[{"embeddable":true,"href":"https:\/\/www.bachmann-museum.de\/index.php?rest_route=\/wp\/v2\/users\/1"}],"replies":[{"embeddable":true,"href":"https:\/\/www.bachmann-museum.de\/index.php?rest_route=%2Fwp%2Fv2%2Fcomments&post=4292"}],"version-history":[{"count":8,"href":"https:\/\/www.bachmann-museum.de\/index.php?rest_route=\/wp\/v2\/pages\/4292\/revisions"}],"predecessor-version":[{"id":4918,"href":"https:\/\/www.bachmann-museum.de\/index.php?rest_route=\/wp\/v2\/pages\/4292\/revisions\/4918"}],"up":[{"embeddable":true,"href":"https:\/\/www.bachmann-museum.de\/index.php?rest_route=\/wp\/v2\/pages\/400"}],"wp:attachment":[{"href":"https:\/\/www.bachmann-museum.de\/index.php?rest_route=%2Fwp%2Fv2%2Fmedia&parent=4292"}],"curies":[{"name":"wp","href":"https:\/\/api.w.org\/{rel}","templated":true}]}}