{"id":4040,"date":"2024-08-22T09:18:41","date_gmt":"2024-08-22T07:18:41","guid":{"rendered":"https:\/\/www.bachmann-museum.de\/?page_id=4040"},"modified":"2026-01-08T11:47:24","modified_gmt":"2026-01-08T09:47:24","slug":"stellenangebote","status":"publish","type":"page","link":"https:\/\/www.bachmann-museum.de\/?page_id=4040","title":{"rendered":"Stellenangebote"},"content":{"rendered":"<p>Vielen Dank f\u00fcr Ihr Interesse an einer Mitarbeit in unserem Museum. Aktuell haben wir keine offenen Stellen. Neue Ausschreibungen ver\u00f6ffentlichen wir hier auf unserer Website und \u00fcber die g\u00e4ngigen Kan\u00e4le.<\/p>\n","protected":false},"excerpt":{"rendered":"<p>Vielen Dank f\u00fcr Ihr Interesse an einer Mitarbeit in unserem Museum. Aktuell haben wir keine offenen Stellen. Neue Ausschreibungen ver\u00f6ffentlichen wir hier auf unserer Website und \u00fcber die g\u00e4ngigen Kan\u00e4le.<\/p>\n","protected":false},"author":1,"featured_media":0,"parent":42,"menu_order":3,"comment_status":"closed","ping_status":"closed","template":"","meta":{"footnotes":""},"class_list":["post-4040","page","type-page","status-publish","hentry"],"yoast_head":"<!-- This site is optimized with the Yoast SEO plugin v27.4 - https:\/\/yoast.com\/product\/yoast-seo-wordpress\/ -->\n<title>Stellenangebote - Bachmann-Museum Bremerv\u00f6rde<\/title>\n<meta name=\"robots\" content=\"index, follow, max-snippet:-1, max-image-preview:large, max-video-preview:-1\" \/>\n<link rel=\"canonical\" href=\"https:\/\/www.bachmann-museum.de\/?page_id=4040\" \/>\n<meta property=\"og:locale\" content=\"de_DE\" \/>\n<meta property=\"og:type\" content=\"article\" \/>\n<meta property=\"og:title\" content=\"Stellenangebote - Bachmann-Museum Bremerv\u00f6rde\" \/>\n<meta property=\"og:description\" content=\"Vielen Dank f\u00fcr Ihr Interesse an einer Mitarbeit in unserem Museum. Aktuell haben wir keine offenen Stellen. Neue Ausschreibungen ver\u00f6ffentlichen wir hier auf unserer Website und \u00fcber die g\u00e4ngigen Kan\u00e4le.\" \/>\n<meta property=\"og:url\" content=\"https:\/\/www.bachmann-museum.de\/?page_id=4040\" \/>\n<meta property=\"og:site_name\" content=\"Bachmann-Museum Bremerv\u00f6rde\" \/>\n<meta property=\"article:modified_time\" content=\"2026-01-08T09:47:24+00:00\" \/>\n<meta name=\"twitter:card\" content=\"summary_large_image\" \/>\n<script type=\"application\/ld+json\" class=\"yoast-schema-graph\">{\"@context\":\"https:\\\/\\\/schema.org\",\"@graph\":[{\"@type\":\"WebPage\",\"@id\":\"https:\\\/\\\/www.bachmann-museum.de\\\/?page_id=4040\",\"url\":\"https:\\\/\\\/www.bachmann-museum.de\\\/?page_id=4040\",\"name\":\"Stellenangebote - Bachmann-Museum Bremerv\u00f6rde\",\"isPartOf\":{\"@id\":\"https:\\\/\\\/www.bachmann-museum.de\\\/#website\"},\"datePublished\":\"2024-08-22T07:18:41+00:00\",\"dateModified\":\"2026-01-08T09:47:24+00:00\",\"breadcrumb\":{\"@id\":\"https:\\\/\\\/www.bachmann-museum.de\\\/?page_id=4040#breadcrumb\"},\"inLanguage\":\"de\",\"potentialAction\":[{\"@type\":\"ReadAction\",\"target\":[\"https:\\\/\\\/www.bachmann-museum.de\\\/?page_id=4040\"]}]},{\"@type\":\"BreadcrumbList\",\"@id\":\"https:\\\/\\\/www.bachmann-museum.de\\\/?page_id=4040#breadcrumb\",\"itemListElement\":[{\"@type\":\"ListItem\",\"position\":1,\"name\":\"Start\",\"item\":\"https:\\\/\\\/www.bachmann-museum.de\\\/\"},{\"@type\":\"ListItem\",\"position\":2,\"name\":\"Museum\",\"item\":\"https:\\\/\\\/www.bachmann-museum.de\\\/?page_id=42\"},{\"@type\":\"ListItem\",\"position\":3,\"name\":\"Stellenangebote\"}]},{\"@type\":\"WebSite\",\"@id\":\"https:\\\/\\\/www.bachmann-museum.de\\\/#website\",\"url\":\"https:\\\/\\\/www.bachmann-museum.de\\\/\",\"name\":\"Bachmann-Museum Bremerv\u00f6rde\",\"description\":\"\",\"potentialAction\":[{\"@type\":\"SearchAction\",\"target\":{\"@type\":\"EntryPoint\",\"urlTemplate\":\"https:\\\/\\\/www.bachmann-museum.de\\\/?s={search_term_string}\"},\"query-input\":{\"@type\":\"PropertyValueSpecification\",\"valueRequired\":true,\"valueName\":\"search_term_string\"}}],\"inLanguage\":\"de\"}]}<\/script>\n<!-- \/ Yoast SEO plugin. -->","yoast_head_json":{"title":"Stellenangebote - Bachmann-Museum Bremerv\u00f6rde","robots":{"index":"index","follow":"follow","max-snippet":"max-snippet:-1","max-image-preview":"max-image-preview:large","max-video-preview":"max-video-preview:-1"},"canonical":"https:\/\/www.bachmann-museum.de\/?page_id=4040","og_locale":"de_DE","og_type":"article","og_title":"Stellenangebote - Bachmann-Museum Bremerv\u00f6rde","og_description":"Vielen Dank f\u00fcr Ihr Interesse an einer Mitarbeit in unserem Museum. Aktuell haben wir keine offenen Stellen. Neue Ausschreibungen ver\u00f6ffentlichen wir hier auf unserer Website und \u00fcber die g\u00e4ngigen Kan\u00e4le.","og_url":"https:\/\/www.bachmann-museum.de\/?page_id=4040","og_site_name":"Bachmann-Museum Bremerv\u00f6rde","article_modified_time":"2026-01-08T09:47:24+00:00","twitter_card":"summary_large_image","schema":{"@context":"https:\/\/schema.org","@graph":[{"@type":"WebPage","@id":"https:\/\/www.bachmann-museum.de\/?page_id=4040","url":"https:\/\/www.bachmann-museum.de\/?page_id=4040","name":"Stellenangebote - Bachmann-Museum Bremerv\u00f6rde","isPartOf":{"@id":"https:\/\/www.bachmann-museum.de\/#website"},"datePublished":"2024-08-22T07:18:41+00:00","dateModified":"2026-01-08T09:47:24+00:00","breadcrumb":{"@id":"https:\/\/www.bachmann-museum.de\/?page_id=4040#breadcrumb"},"inLanguage":"de","potentialAction":[{"@type":"ReadAction","target":["https:\/\/www.bachmann-museum.de\/?page_id=4040"]}]},{"@type":"BreadcrumbList","@id":"https:\/\/www.bachmann-museum.de\/?page_id=4040#breadcrumb","itemListElement":[{"@type":"ListItem","position":1,"name":"Start","item":"https:\/\/www.bachmann-museum.de\/"},{"@type":"ListItem","position":2,"name":"Museum","item":"https:\/\/www.bachmann-museum.de\/?page_id=42"},{"@type":"ListItem","position":3,"name":"Stellenangebote"}]},{"@type":"WebSite","@id":"https:\/\/www.bachmann-museum.de\/#website","url":"https:\/\/www.bachmann-museum.de\/","name":"Bachmann-Museum Bremerv\u00f6rde","description":"","potentialAction":[{"@type":"SearchAction","target":{"@type":"EntryPoint","urlTemplate":"https:\/\/www.bachmann-museum.de\/?s={search_term_string}"},"query-input":{"@type":"PropertyValueSpecification","valueRequired":true,"valueName":"search_term_string"}}],"inLanguage":"de"}]}},"jetpack_sharing_enabled":true,"jetpack_shortlink":"https:\/\/wp.me\/P5DgYi-13a","jetpack-related-posts":[],"_links":{"self":[{"href":"https:\/\/www.bachmann-museum.de\/index.php?rest_route=\/wp\/v2\/pages\/4040","targetHints":{"allow":["GET"]}}],"collection":[{"href":"https:\/\/www.bachmann-museum.de\/index.php?rest_route=\/wp\/v2\/pages"}],"about":[{"href":"https:\/\/www.bachmann-museum.de\/index.php?rest_route=\/wp\/v2\/types\/page"}],"author":[{"embeddable":true,"href":"https:\/\/www.bachmann-museum.de\/index.php?rest_route=\/wp\/v2\/users\/1"}],"replies":[{"embeddable":true,"href":"https:\/\/www.bachmann-museum.de\/index.php?rest_route=%2Fwp%2Fv2%2Fcomments&post=4040"}],"version-history":[{"count":21,"href":"https:\/\/www.bachmann-museum.de\/index.php?rest_route=\/wp\/v2\/pages\/4040\/revisions"}],"predecessor-version":[{"id":4255,"href":"https:\/\/www.bachmann-museum.de\/index.php?rest_route=\/wp\/v2\/pages\/4040\/revisions\/4255"}],"up":[{"embeddable":true,"href":"https:\/\/www.bachmann-museum.de\/index.php?rest_route=\/wp\/v2\/pages\/42"}],"wp:attachment":[{"href":"https:\/\/www.bachmann-museum.de\/index.php?rest_route=%2Fwp%2Fv2%2Fmedia&parent=4040"}],"curies":[{"name":"wp","href":"https:\/\/api.w.org\/{rel}","templated":true}]}}